{"id":805,"date":"2016-06-16T17:55:47","date_gmt":"2016-06-16T15:55:47","guid":{"rendered":"http:\/\/ciondolo.dev.telemar.net\/dove-siamo\/"},"modified":"2026-04-15T17:53:35","modified_gmt":"2026-04-15T15:53:35","slug":"donde-estamos","status":"publish","type":"page","link":"https:\/\/www.ilmaggiociondolo.com\/es\/donde-estamos\/","title":{"rendered":"D\u00f3nde Estamos"},"content":{"rendered":"\n<style type=\"text\/css\" data-created_by=\"avia_inline_auto\" id=\"style-css-av-av_section-daebd927e8a03bc8ea8fec4258684604\">\n.avia-section.av-av_section-daebd927e8a03bc8ea8fec4258684604 .av-parallax .av-parallax-inner{\nbackground-repeat:no-repeat;\nbackground-image:url(https:\/\/www.ilmaggiociondolo.com\/wp-content\/uploads\/2016\/05\/Maggiociondolo_22.jpg);\nbackground-position:50% 50%;\nbackground-attachment:scroll;\n}\n<\/style>\n<div id='av_section_1'  class='avia-section av-av_section-daebd927e8a03bc8ea8fec4258684604 main_color avia-section-large avia-no-border-styling  avia-builder-el-0  el_before_av_one_half  avia-builder-el-first  avia-full-stretch av-parallax-section avia-bg-style-parallax container_wrap sidebar_right'  data-section-bg-repeat='stretch'><div class='av-parallax' data-avia-parallax-ratio='0.3' ><div class='av-parallax-inner main_color avia-full-stretch'><\/div><\/div><div class='container av-section-cont-open' ><main  role=\"main\" itemprop=\"mainContentOfPage\"  class='template-page content  av-content-small alpha units'><div class='post-entry post-entry-type-page post-entry-805'><div class='entry-content-wrapper clearfix'>\n\n<style type=\"text\/css\" data-created_by=\"avia_inline_auto\" id=\"style-css-av-av_heading-2b0328d55a75aaa289da849b450a144a\">\n#top .av-special-heading.av-av_heading-2b0328d55a75aaa289da849b450a144a{\npadding-bottom:10px;\ncolor:#ffffff;\nfont-size:60px;\n}\nbody .av-special-heading.av-av_heading-2b0328d55a75aaa289da849b450a144a .av-special-heading-tag .heading-char{\nfont-size:25px;\n}\n#top #wrap_all .av-special-heading.av-av_heading-2b0328d55a75aaa289da849b450a144a .av-special-heading-tag{\nfont-size:60px;\n}\n.av-special-heading.av-av_heading-2b0328d55a75aaa289da849b450a144a .special-heading-inner-border{\nborder-color:#ffffff;\n}\n.av-special-heading.av-av_heading-2b0328d55a75aaa289da849b450a144a .av-subheading{\nfont-size:15px;\n}\n\n@media only screen and (min-width: 480px) and (max-width: 767px){ \n#top #wrap_all .av-special-heading.av-av_heading-2b0328d55a75aaa289da849b450a144a .av-special-heading-tag{\nfont-size:0.8em;\n}\n}\n\n@media only screen and (max-width: 479px){ \n#top #wrap_all .av-special-heading.av-av_heading-2b0328d55a75aaa289da849b450a144a .av-special-heading-tag{\nfont-size:0.8em;\n}\n}\n<\/style>\n<div  class='av-special-heading av-av_heading-2b0328d55a75aaa289da849b450a144a av-special-heading-h1 custom-color-heading blockquote modern-quote modern-centered  avia-builder-el-1  avia-builder-el-no-sibling  av-inherit-size'><h1 class='av-special-heading-tag '  itemprop=\"headline\"  >D\u00f3nde Estamos<\/h1><div class=\"special-heading-border\"><div class=\"special-heading-inner-border\"><\/div><\/div><\/div>\n<\/div><\/div><\/main><!-- close content main element --><\/div><\/div><div id='after_section_1'  class='main_color av_default_container_wrap container_wrap sidebar_right'  ><div class='container av-section-cont-open' ><div class='template-page content  av-content-small alpha units'><div class='post-entry post-entry-type-page post-entry-805'><div class='entry-content-wrapper clearfix'>\n\n<style type=\"text\/css\" data-created_by=\"avia_inline_auto\" id=\"style-css-av-av_one_half-9497bbf8bff73ea4c6992cc17fa9ec36\">\n.flex_column.av-av_one_half-9497bbf8bff73ea4c6992cc17fa9ec36{\nborder-radius:0px 0px 0px 0px;\npadding:0px 0px 0px 0px;\n}\n<\/style>\n<div  class='flex_column av-av_one_half-9497bbf8bff73ea4c6992cc17fa9ec36 av_one_half  avia-builder-el-2  el_after_av_section  el_before_av_one_half  avia-builder-el-first  first flex_column_div av-zero-column-padding  '     ><section  class='av_textblock_section av-av_textblock-0366cc7376be6c9e82a3e9cc8987b64f '   itemscope=\"itemscope\" itemtype=\"https:\/\/schema.org\/CreativeWork\" ><div class='avia_textblock'  itemprop=\"text\" ><p>Nuestro agriturismo se situa en el <strong>altiplano del Tretto en Contr\u00e0 Proveste<\/strong>, 1, en las cercanias de S. Rocco di Tretto, en el municipio de <strong>Schio (Vicenza)<\/strong> y su acceso por carretera desde el centro de la ciudad de Schio es f\u00e1cil y r\u00e1pido (15-20 minutos).<\/p>\n<h3>C\u00f3mo llegar<\/h3>\n<p><b>En coche<\/b><br \/>\nAutopista A31 (Valdastico), salida Piovene Rocchette (\u00faltima salida). Continuar durante 10 kms siguiendo las indicaciones para Schio hasta alcanzar y superar Santorso en la carretera provincial SP350. Antes de llegar a Schio, en la localidad de Timonchio (en el km 62 de la carretera provincial y justo en el segundo cruce con sem\u00e1foro) girar a la derecha para coger la carretera provincial SP65 (seguir las indicaciones tur\u00edsticas para la localidad de Tretto). Continuar en la SP65 durante aproximadamente 2 kms hasta el desv\u00edo a la derecha que conduce a la localidad de S. Rocco. Continuar durante 6 km en esta carretera (cuidado, continuar siempre por la carretera asfaltada &#8211; algunos navegadores en un punto dan indicaciones para pasar a la vieja carretera de S. Rocco que no est\u00e1 asfaltada). Una vez se llega a S. Rocco, justo despu\u00e9s del bar que se encuentra antes de la plaza de la iglesia, girar a la derecha (indicaci\u00f3n de monte Summano) y seguir durante 1 km hasta llegar a Contr\u00e1 Proveste.<\/p>\n<p><b>En tren<\/b><br \/>\nLa ciudad de Schio tiene conexi\u00f3n con tren pr\u00e1cticamente cada hora con la ciudad de Vicenza que, a su vez, se encuentra en la l\u00ednea principal Mil\u00e1n-Venecia. Una vez en Schio es necesario coger uno de los autobuses de l\u00ednea que conectan Schio con las inmediaciones.<\/p>\n<p><b>En autobus<\/b><br \/>\nExiste un servicio de conexi\u00f3n con el altiplano de Tretto disponible desde la estaci\u00f3n central de autobuses de Schio que se encuentra en la plaza Divisione Aqui.<\/p>\n<\/div><\/section><\/div>\n\n<style type=\"text\/css\" data-created_by=\"avia_inline_auto\" id=\"style-css-av-av_one_half-9c1d454dc06f7247226bc4e8f931daae\">\n.flex_column.av-av_one_half-9c1d454dc06f7247226bc4e8f931daae{\nborder-radius:0px 0px 0px 0px;\npadding:0px 0px 0px 0px;\n}\n<\/style>\n<div  class='flex_column av-av_one_half-9c1d454dc06f7247226bc4e8f931daae av_one_half  avia-builder-el-4  el_after_av_one_half  el_before_av_section  avia-builder-el-last  flex_column_div av-zero-column-padding  '     ><style type=\"text\/css\" data-created_by=\"avia_inline_auto\" id=\"style-css-av-av_gallery-2ac74e169325618e8ea64252fdb6f91c\">\n#top .avia-gallery.av-av_gallery-2ac74e169325618e8ea64252fdb6f91c .avia-gallery-thumb a{\nwidth:100%;\n}\n<\/style>\n<div  class='avia-gallery av-av_gallery-2ac74e169325618e8ea64252fdb6f91c avia_animate_when_visible  avia-builder-el-5  avia-builder-el-no-sibling  deactivate_avia_lazyload avia-gallery-animate avia-gallery-1'  itemprop=\"image\" itemscope=\"itemscope\" itemtype=\"https:\/\/schema.org\/ImageObject\" ><meta itemprop=\"contentURL\" content=\"https:\/\/www.ilmaggiociondolo.com\/es\/donde-estamos\/\"><div class='avia-gallery-thumb'><a href=\"https:\/\/www.ilmaggiociondolo.com\/wp-content\/uploads\/2016\/06\/DoveSiamo2-1030x686.jpg\" data-srcset=\"https:\/\/www.ilmaggiociondolo.com\/wp-content\/uploads\/2016\/06\/DoveSiamo2-1030x686.jpg 1030w, https:\/\/www.ilmaggiociondolo.com\/wp-content\/uploads\/2016\/06\/DoveSiamo2-300x200.jpg 300w, https:\/\/www.ilmaggiociondolo.com\/wp-content\/uploads\/2016\/06\/DoveSiamo2-768x511.jpg 768w, https:\/\/www.ilmaggiociondolo.com\/wp-content\/uploads\/2016\/06\/DoveSiamo2-705x469.jpg 705w, https:\/\/www.ilmaggiociondolo.com\/wp-content\/uploads\/2016\/06\/DoveSiamo2-450x300.jpg 450w, https:\/\/www.ilmaggiociondolo.com\/wp-content\/uploads\/2016\/06\/DoveSiamo2.jpg 1277w\" data-sizes=\"(max-width: 1030px) 100vw, 1030px\" data-rel='gallery-1' data-prev-img='https:\/\/www.ilmaggiociondolo.com\/wp-content\/uploads\/2016\/06\/DoveSiamo2-495x400.jpg' class='first_thumb lightbox ' data-onclick='1' title='Agriturismo Il Maggiociondolo in provincia di Vicenza'  itemprop=\"thumbnailUrl\"  ><img decoding=\"async\" fetchpriority=\"high\" class=\"wp-image-1576 avia-img-lazy-loading-not-1576\"  data-avia-tooltip='Agriturismo Il Maggiociondolo in provincia di Vicenza' src=\"https:\/\/www.ilmaggiociondolo.com\/wp-content\/uploads\/2016\/06\/DoveSiamo2-710x375.jpg\" width=\"710\" height=\"375\"  title='Agriturismo Il Maggiociondolo in provincia di Vicenza' alt='' \/><div class='big-prev-fake'><img decoding=\"async\" loading=\"lazy\" class=\"wp-image-1576 avia-img-lazy-loading-1576\"  width=\"495\" height=\"400\" src=\"https:\/\/www.ilmaggiociondolo.com\/wp-content\/uploads\/2016\/06\/DoveSiamo2-495x400.jpg\" title='Agriturismo Il Maggiociondolo in provincia di Vicenza' alt='' srcset=\"https:\/\/www.ilmaggiociondolo.com\/wp-content\/uploads\/2016\/06\/DoveSiamo2-495x400.jpg 495w, https:\/\/www.ilmaggiociondolo.com\/wp-content\/uploads\/2016\/06\/DoveSiamo2-845x684.jpg 845w\" sizes=\"auto, (max-width: 495px) 100vw, 495px\" \/><\/div><\/a><a href=\"https:\/\/www.ilmaggiociondolo.com\/wp-content\/uploads\/2016\/06\/DoveSiamo1-1030x686.jpg\" data-srcset=\"https:\/\/www.ilmaggiociondolo.com\/wp-content\/uploads\/2016\/06\/DoveSiamo1-1030x686.jpg 1030w, https:\/\/www.ilmaggiociondolo.com\/wp-content\/uploads\/2016\/06\/DoveSiamo1-300x200.jpg 300w, https:\/\/www.ilmaggiociondolo.com\/wp-content\/uploads\/2016\/06\/DoveSiamo1-768x511.jpg 768w, https:\/\/www.ilmaggiociondolo.com\/wp-content\/uploads\/2016\/06\/DoveSiamo1-705x469.jpg 705w, https:\/\/www.ilmaggiociondolo.com\/wp-content\/uploads\/2016\/06\/DoveSiamo1-450x300.jpg 450w, https:\/\/www.ilmaggiociondolo.com\/wp-content\/uploads\/2016\/06\/DoveSiamo1.jpg 1277w\" data-sizes=\"(max-width: 1030px) 100vw, 1030px\" data-rel='gallery-1' data-prev-img='https:\/\/www.ilmaggiociondolo.com\/wp-content\/uploads\/2016\/06\/DoveSiamo1-495x400.jpg' class='first_thumb lightbox ' data-onclick='2' title='Agriturismo Il Maggiociondolo in provincia di Vicenza'  itemprop=\"thumbnailUrl\"  ><img decoding=\"async\" fetchpriority=\"high\" class=\"wp-image-1573 avia-img-lazy-loading-not-1573\"  data-avia-tooltip='Agriturismo Il Maggiociondolo in provincia di Vicenza' src=\"https:\/\/www.ilmaggiociondolo.com\/wp-content\/uploads\/2016\/06\/DoveSiamo1-710x375.jpg\" width=\"710\" height=\"375\"  title='Agriturismo Il Maggiociondolo in provincia di Vicenza' alt='' \/><div class='big-prev-fake'><img decoding=\"async\" loading=\"lazy\" class=\"wp-image-1573 avia-img-lazy-loading-1573\"  width=\"495\" height=\"400\" src=\"https:\/\/www.ilmaggiociondolo.com\/wp-content\/uploads\/2016\/06\/DoveSiamo1-495x400.jpg\" title='Agriturismo Il Maggiociondolo in provincia di Vicenza' alt='' srcset=\"https:\/\/www.ilmaggiociondolo.com\/wp-content\/uploads\/2016\/06\/DoveSiamo1-495x400.jpg 495w, https:\/\/www.ilmaggiociondolo.com\/wp-content\/uploads\/2016\/06\/DoveSiamo1-845x684.jpg 845w\" sizes=\"auto, (max-width: 495px) 100vw, 495px\" \/><\/div><\/a><\/div><\/div><\/div>\n<\/div><\/div><\/div><!-- close content main div --><\/div><\/div><div id='contattaci'  class='avia-section av-av_section-c449a9dcb9295cd796f1b876926142dc main_color avia-section-default avia-no-shadow  avia-builder-el-6  el_after_av_one_half  avia-builder-el-last  avia-bg-style-scroll container_wrap sidebar_right'  ><div class='container av-section-cont-open' ><div class='template-page content  av-content-small alpha units'><div class='post-entry post-entry-type-page post-entry-805'><div class='entry-content-wrapper clearfix'>\n\n<style type=\"text\/css\" data-created_by=\"avia_inline_auto\" id=\"style-css-av-av_heading-ae32d275c4d2ee52b27c1be711f0c4a6\">\n#top .av-special-heading.av-av_heading-ae32d275c4d2ee52b27c1be711f0c4a6{\npadding-bottom:20px;\n}\nbody .av-special-heading.av-av_heading-ae32d275c4d2ee52b27c1be711f0c4a6 .av-special-heading-tag .heading-char{\nfont-size:25px;\n}\n.av-special-heading.av-av_heading-ae32d275c4d2ee52b27c1be711f0c4a6 .av-subheading{\nfont-size:15px;\n}\n<\/style>\n<div  class='av-special-heading av-av_heading-ae32d275c4d2ee52b27c1be711f0c4a6 av-special-heading-h2 blockquote modern-quote modern-centered  avia-builder-el-7  el_before_av_one_half  avia-builder-el-first '><h2 class='av-special-heading-tag '  itemprop=\"headline\"  >Cont\u00e1ctenos<\/h2><div class=\"special-heading-border\"><div class=\"special-heading-inner-border\"><\/div><\/div><\/div>\n\n<style type=\"text\/css\" data-created_by=\"avia_inline_auto\" id=\"style-css-av-av_one_half-6126cab7d8fab8d08143dd2dacdf673c\">\n.flex_column.av-av_one_half-6126cab7d8fab8d08143dd2dacdf673c{\nborder-radius:0px 0px 0px 0px;\npadding:0px 0px 0px 0px;\n}\n<\/style>\n<div  class='flex_column av-av_one_half-6126cab7d8fab8d08143dd2dacdf673c av_one_half  avia-builder-el-8  el_after_av_heading  el_before_av_one_half  first flex_column_div av-zero-column-padding  '     ><p><section  class='av_textblock_section av-av_textblock-0366cc7376be6c9e82a3e9cc8987b64f '   itemscope=\"itemscope\" itemtype=\"https:\/\/schema.org\/CreativeWork\" ><div class='avia_textblock'  itemprop=\"text\" ><p>Il Maggiociondolo se encuentra en el altiplano del Tretto en Contr\u00e1 Proveste, 1, en las cercanias de la localidad de S. Rocco di Tretto en el municipio de Schio (Vicenza).<\/p>\n<p>Para consultas, reservas o mayor informaci\u00f3n pod\u00e9is escribirnos a:\u00a0<a href=\"mailto:in**@**************lo.com\" data-original-string=\"22NNtLMaFMk6jX8v8hSiQA==4ceXvmRLcDOZCEnpxoZrSQtpfhSiejhf2fUmLRsdwhwvE4=\" title=\"Este contacto ha sido codificado por Anti-Spam by CleanTalk. Haz clic para decodificar. Para finalizar la decodificaci\u00f3n, aseg\u00farate de que JavaScript est\u00e1 activado en tu navegador.\"><span \n                data-original-string='yeB6\/iFRVF9gsSSbgTHFpA==4cevSSV3VBQGB4AaFmTmBqTUARVKPG\/hDgoE48yApubcEY='\n                class='apbct-email-encoder'\n                title='Este contacto ha sido codificado por Anti-Spam by CleanTalk. Haz clic para decodificar. Para finalizar la decodificaci\u00f3n, aseg\u00farate de que JavaScript est\u00e1 activado en tu navegador.'>in<span class=\"apbct-blur\">**<\/span>@<span class=\"apbct-blur\">**************<\/span>lo.com<\/span><\/a><br \/>\no telefonear al n\u00famero +39 0445 635512<\/p>\n<\/div><\/section><br \/>\n<section  class='av_textblock_section av-av_textblock-2de302bf1aa3cf4c9157dbe6f50ac7eb '   itemscope=\"itemscope\" itemtype=\"https:\/\/schema.org\/CreativeWork\" ><div class='avia_textblock'  itemprop=\"text\" >\n<div class=\"wpcf7 no-js\" id=\"wpcf7-f1760-o1\" lang=\"it-IT\" dir=\"ltr\" data-wpcf7-id=\"1760\">\n<div class=\"screen-reader-response\"><p role=\"status\" aria-live=\"polite\" aria-atomic=\"true\"><\/p> <ul><\/ul><\/div>\n<form action=\"\/es\/wp-json\/wp\/v2\/pages\/805#wpcf7-f1760-o1\" method=\"post\" class=\"wpcf7-form init\" aria-label=\"Modulo di contatto\" novalidate=\"novalidate\" data-status=\"init\">\n<fieldset class=\"hidden-fields-container\"><input type=\"hidden\" name=\"_wpcf7\" value=\"1760\" \/><input type=\"hidden\" name=\"_wpcf7_version\" value=\"6.1.5\" \/><input type=\"hidden\" name=\"_wpcf7_locale\" value=\"it_IT\" \/><input type=\"hidden\" name=\"_wpcf7_unit_tag\" value=\"wpcf7-f1760-o1\" \/><input type=\"hidden\" name=\"_wpcf7_container_post\" value=\"0\" \/><input type=\"hidden\" name=\"_wpcf7_posted_data_hash\" value=\"\" \/><input type=\"hidden\" name=\"_wpcf7_recaptcha_response\" value=\"\" \/>\n<\/fieldset>\n<h3>Env\u00edenos un e-mail\n<\/h3>\n<p><span class=\"wpcf7-form-control-wrap\" data-name=\"your-name\"><input size=\"40\" maxlength=\"400\" class=\"wpcf7-form-control wpcf7-text wpcf7-validates-as-required\" aria-required=\"true\" aria-invalid=\"false\" placeholder=\"Nombre y Appellido\" value=\"\" type=\"text\" name=\"your-name\" \/><\/span><br \/>\n<span class=\"wpcf7-form-control-wrap\" data-name=\"your-email\"><input size=\"40\" maxlength=\"400\" class=\"wpcf7-form-control wpcf7-email wpcf7-validates-as-required wpcf7-text wpcf7-validates-as-email\" aria-required=\"true\" aria-invalid=\"false\" placeholder=\"E-mail\" value=\"\" type=\"email\" name=\"your-email\" \/><\/span><br \/>\n<span class=\"wpcf7-form-control-wrap\" data-name=\"your-subject\"><input size=\"40\" maxlength=\"400\" class=\"wpcf7-form-control wpcf7-text wpcf7-validates-as-required\" aria-required=\"true\" aria-invalid=\"false\" placeholder=\"Objeto\" value=\"\" type=\"text\" name=\"your-subject\" \/><\/span><br \/>\n<span class=\"wpcf7-form-control-wrap\" data-name=\"your-message\"><textarea cols=\"40\" rows=\"10\" maxlength=\"2000\" class=\"wpcf7-form-control wpcf7-textarea wpcf7-validates-as-required\" aria-required=\"true\" aria-invalid=\"false\" placeholder=\"Mensaje\" name=\"your-message\"><\/textarea><\/span>\n<\/p>\n<p><input class=\"wpcf7-form-control wpcf7-submit has-spinner\" type=\"submit\" value=\"Enviar\" \/>\n<\/p><input type=\"hidden\" id=\"ct_checkjs_cf7_6bc24fc1ab650b25b4114e93a98f1eba\" name=\"ct_checkjs_cf7\" value=\"0\" \/><script >setTimeout(function(){var ct_input_name = \"ct_checkjs_cf7_6bc24fc1ab650b25b4114e93a98f1eba\";if (document.getElementById(ct_input_name) !== null) {var ct_input_value = document.getElementById(ct_input_name).value;document.getElementById(ct_input_name).value = document.getElementById(ct_input_name).value.replace(ct_input_value, '1152840300');}}, 1000);<\/script><input\n                    class=\"apbct_special_field apbct_email_id__wp_contact_form_7\"\n                    name=\"apbct__email_id__wp_contact_form_7\"\n                    aria-label=\"apbct__label_id__wp_contact_form_7\"\n                    type=\"text\" size=\"30\" maxlength=\"200\" autocomplete=\"off\"\n                    value=\"\"\n                \/><div class=\"wpcf7-response-output\" aria-hidden=\"true\"><\/div>\n<\/form>\n<\/div>\n\n<\/div><\/section><\/p><\/div>\n<style type=\"text\/css\" data-created_by=\"avia_inline_auto\" id=\"style-css-av-av_one_half-0aa7055fe62c3622faec82866afbaeb2\">\n.flex_column.av-av_one_half-0aa7055fe62c3622faec82866afbaeb2{\nborder-radius:0px 0px 0px 0px;\npadding:0px 0px 0px 0px;\n}\n<\/style>\n<div  class='flex_column av-av_one_half-0aa7055fe62c3622faec82866afbaeb2 av_one_half  avia-builder-el-11  el_after_av_one_half  avia-builder-el-last  flex_column_div av-zero-column-padding  '     ><\/div><\/div><\/div><\/div><!-- close content main div --><\/div><\/div><div id='after_section_2'  class='main_color av_default_container_wrap container_wrap sidebar_right'  ><div class='container av-section-cont-open' ><div class='template-page content  av-content-small alpha units'><div class='post-entry post-entry-type-page post-entry-805'><div class='entry-content-wrapper clearfix'>\n","protected":false},"excerpt":{"rendered":"","protected":false},"author":1,"featured_media":0,"parent":0,"menu_order":0,"comment_status":"closed","ping_status":"open","template":"","meta":{"footnotes":""},"class_list":["post-805","page","type-page","status-publish","hentry"],"yoast_head":"<!-- This site is optimized with the Yoast SEO plugin v27.4 - https:\/\/yoast.com\/product\/yoast-seo-wordpress\/ -->\n<title>D\u00f3nde Estamos - Agriturismo Il Maggiociondolo<\/title>\n<meta name=\"robots\" content=\"index, follow, max-snippet:-1, max-image-preview:large, max-video-preview:-1\" \/>\n<link rel=\"canonical\" href=\"https:\/\/www.ilmaggiociondolo.com\/es\/donde-estamos\/\" \/>\n<meta property=\"og:locale\" content=\"es_ES\" \/>\n<meta property=\"og:type\" content=\"article\" \/>\n<meta property=\"og:title\" content=\"D\u00f3nde Estamos - Agriturismo Il Maggiociondolo\" \/>\n<meta property=\"og:url\" content=\"https:\/\/www.ilmaggiociondolo.com\/es\/donde-estamos\/\" \/>\n<meta property=\"og:site_name\" content=\"Agriturismo Il Maggiociondolo\" \/>\n<meta property=\"article:modified_time\" content=\"2026-04-15T15:53:35+00:00\" \/>\n<meta name=\"twitter:card\" content=\"summary_large_image\" \/>\n<meta name=\"twitter:label1\" content=\"Tiempo de lectura\" \/>\n\t<meta name=\"twitter:data1\" content=\"3 minutos\" \/>\n<script type=\"application\/ld+json\" class=\"yoast-schema-graph\">{\"@context\":\"https:\\\/\\\/schema.org\",\"@graph\":[{\"@type\":\"WebPage\",\"@id\":\"https:\\\/\\\/www.ilmaggiociondolo.com\\\/es\\\/donde-estamos\\\/\",\"url\":\"https:\\\/\\\/www.ilmaggiociondolo.com\\\/es\\\/donde-estamos\\\/\",\"name\":\"D\u00f3nde Estamos - Agriturismo Il Maggiociondolo\",\"isPartOf\":{\"@id\":\"https:\\\/\\\/www.ilmaggiociondolo.com\\\/#website\"},\"datePublished\":\"2016-06-16T15:55:47+00:00\",\"dateModified\":\"2026-04-15T15:53:35+00:00\",\"breadcrumb\":{\"@id\":\"https:\\\/\\\/www.ilmaggiociondolo.com\\\/es\\\/donde-estamos\\\/#breadcrumb\"},\"inLanguage\":\"es\",\"potentialAction\":[{\"@type\":\"ReadAction\",\"target\":[\"https:\\\/\\\/www.ilmaggiociondolo.com\\\/es\\\/donde-estamos\\\/\"]}]},{\"@type\":\"BreadcrumbList\",\"@id\":\"https:\\\/\\\/www.ilmaggiociondolo.com\\\/es\\\/donde-estamos\\\/#breadcrumb\",\"itemListElement\":[{\"@type\":\"ListItem\",\"position\":1,\"name\":\"Home\",\"item\":\"https:\\\/\\\/www.ilmaggiociondolo.com\\\/es\\\/\"},{\"@type\":\"ListItem\",\"position\":2,\"name\":\"D\u00f3nde Estamos\"}]},{\"@type\":\"WebSite\",\"@id\":\"https:\\\/\\\/www.ilmaggiociondolo.com\\\/#website\",\"url\":\"https:\\\/\\\/www.ilmaggiociondolo.com\\\/\",\"name\":\"Agriturismo Il Maggiociondolo\",\"description\":\"Agriturismo immerso nella natura a Schio\",\"potentialAction\":[{\"@type\":\"SearchAction\",\"target\":{\"@type\":\"EntryPoint\",\"urlTemplate\":\"https:\\\/\\\/www.ilmaggiociondolo.com\\\/?s={search_term_string}\"},\"query-input\":{\"@type\":\"PropertyValueSpecification\",\"valueRequired\":true,\"valueName\":\"search_term_string\"}}],\"inLanguage\":\"es\"}]}<\/script>\n<!-- \/ Yoast SEO plugin. -->","yoast_head_json":{"title":"D\u00f3nde Estamos - Agriturismo Il Maggiociondolo","robots":{"index":"index","follow":"follow","max-snippet":"max-snippet:-1","max-image-preview":"max-image-preview:large","max-video-preview":"max-video-preview:-1"},"canonical":"https:\/\/www.ilmaggiociondolo.com\/es\/donde-estamos\/","og_locale":"es_ES","og_type":"article","og_title":"D\u00f3nde Estamos - Agriturismo Il Maggiociondolo","og_url":"https:\/\/www.ilmaggiociondolo.com\/es\/donde-estamos\/","og_site_name":"Agriturismo Il Maggiociondolo","article_modified_time":"2026-04-15T15:53:35+00:00","twitter_card":"summary_large_image","twitter_misc":{"Tiempo de lectura":"3 minutos"},"schema":{"@context":"https:\/\/schema.org","@graph":[{"@type":"WebPage","@id":"https:\/\/www.ilmaggiociondolo.com\/es\/donde-estamos\/","url":"https:\/\/www.ilmaggiociondolo.com\/es\/donde-estamos\/","name":"D\u00f3nde Estamos - Agriturismo Il Maggiociondolo","isPartOf":{"@id":"https:\/\/www.ilmaggiociondolo.com\/#website"},"datePublished":"2016-06-16T15:55:47+00:00","dateModified":"2026-04-15T15:53:35+00:00","breadcrumb":{"@id":"https:\/\/www.ilmaggiociondolo.com\/es\/donde-estamos\/#breadcrumb"},"inLanguage":"es","potentialAction":[{"@type":"ReadAction","target":["https:\/\/www.ilmaggiociondolo.com\/es\/donde-estamos\/"]}]},{"@type":"BreadcrumbList","@id":"https:\/\/www.ilmaggiociondolo.com\/es\/donde-estamos\/#breadcrumb","itemListElement":[{"@type":"ListItem","position":1,"name":"Home","item":"https:\/\/www.ilmaggiociondolo.com\/es\/"},{"@type":"ListItem","position":2,"name":"D\u00f3nde Estamos"}]},{"@type":"WebSite","@id":"https:\/\/www.ilmaggiociondolo.com\/#website","url":"https:\/\/www.ilmaggiociondolo.com\/","name":"Agriturismo Il Maggiociondolo","description":"Agriturismo immerso nella natura a Schio","potentialAction":[{"@type":"SearchAction","target":{"@type":"EntryPoint","urlTemplate":"https:\/\/www.ilmaggiociondolo.com\/?s={search_term_string}"},"query-input":{"@type":"PropertyValueSpecification","valueRequired":true,"valueName":"search_term_string"}}],"inLanguage":"es"}]}},"_links":{"self":[{"href":"https:\/\/www.ilmaggiociondolo.com\/es\/wp-json\/wp\/v2\/pages\/805","targetHints":{"allow":["GET"]}}],"collection":[{"href":"https:\/\/www.ilmaggiociondolo.com\/es\/wp-json\/wp\/v2\/pages"}],"about":[{"href":"https:\/\/www.ilmaggiociondolo.com\/es\/wp-json\/wp\/v2\/types\/page"}],"author":[{"embeddable":true,"href":"https:\/\/www.ilmaggiociondolo.com\/es\/wp-json\/wp\/v2\/users\/1"}],"replies":[{"embeddable":true,"href":"https:\/\/www.ilmaggiociondolo.com\/es\/wp-json\/wp\/v2\/comments?post=805"}],"version-history":[{"count":7,"href":"https:\/\/www.ilmaggiociondolo.com\/es\/wp-json\/wp\/v2\/pages\/805\/revisions"}],"predecessor-version":[{"id":1762,"href":"https:\/\/www.ilmaggiociondolo.com\/es\/wp-json\/wp\/v2\/pages\/805\/revisions\/1762"}],"wp:attachment":[{"href":"https:\/\/www.ilmaggiociondolo.com\/es\/wp-json\/wp\/v2\/media?parent=805"}],"curies":[{"name":"wp","href":"https:\/\/api.w.org\/{rel}","templated":true}]}}